{"id":48,"date":"2018-12-09T19:33:53","date_gmt":"2018-12-09T19:33:53","guid":{"rendered":"http:\/\/basic-rockt.de\/?page_id=48"},"modified":"2025-01-22T21:14:49","modified_gmt":"2025-01-22T21:14:49","slug":"musicians","status":"publish","type":"page","link":"https:\/\/basic-rockt.de\/?page_id=48","title":{"rendered":"Band"},"content":{"rendered":"<p>[et_pb_section fb_built=&#8220;1&#8243; admin_label=&#8220;section&#8220; _builder_version=&#8220;4.27.0&#8243; hover_enabled=&#8220;0&#8243; global_colors_info=&#8220;{}&#8220; title_text=&#8220;dark texture chalk board and grunge black board banner background&#8220; background_image=&#8220;https:\/\/basic-rockt.de\/wp-content\/uploads\/2025\/01\/AdobeStock_335789714-scaled.jpeg&#8220; width_last_edited=&#8220;on|desktop&#8220; max_width_last_edited=&#8220;on|desktop&#8220; sticky_enabled=&#8220;0&#8243; width=&#8220;100%&#8220; parallax=&#8220;on&#8220; parallax_method=&#8220;off&#8220; width_tablet=&#8220;100%&#8220; width_phone=&#8220;100%&#8220;][et_pb_row _builder_version=&#8220;4.27.0&#8243; _module_preset=&#8220;default&#8220; global_colors_info=&#8220;{}&#8220;][et_pb_column type=&#8220;4_4&#8243; _builder_version=&#8220;4.27.0&#8243; _module_preset=&#8220;default&#8220; global_colors_info=&#8220;{}&#8220;][et_pb_image src=&#8220;https:\/\/basic-rockt.de\/wp-content\/uploads\/2018\/11\/cropped-4AAA6B09-8806-4681-B167-E03E3D597A89-2.jpeg&#8220; title_text=&#8220;cropped-4AAA6B09-8806-4681-B167-E03E3D597A89-2.jpeg&#8220; _builder_version=&#8220;4.27.0&#8243; _module_preset=&#8220;default&#8220; global_colors_info=&#8220;{}&#8220;][\/et_pb_image][\/et_pb_column][\/et_pb_row][et_pb_row column_structure=&#8220;1_5,1_5,1_5,1_5,1_5&#8243; _builder_version=&#8220;4.27.0&#8243; _module_preset=&#8220;default&#8220; global_colors_info=&#8220;{}&#8220;][et_pb_column type=&#8220;1_5&#8243; _builder_version=&#8220;4.27.0&#8243; _module_preset=&#8220;default&#8220; global_colors_info=&#8220;{}&#8220;][et_pb_team_member name=&#8220;Bj\u00f6rn Hettig&#8220; position=&#8220;Gitarre, Gesang&#8220; image_url=&#8220;https:\/\/basic-rockt.de\/wp-content\/uploads\/2025\/01\/46.jpg&#8220; _builder_version=&#8220;4.27.0&#8243; _module_preset=&#8220;default&#8220; global_colors_info=&#8220;{}&#8220;][\/et_pb_team_member][\/et_pb_column][et_pb_column type=&#8220;1_5&#8243; _builder_version=&#8220;4.27.0&#8243; _module_preset=&#8220;default&#8220; global_colors_info=&#8220;{}&#8220;][et_pb_team_member name=&#8220;Christian Verforst&#8220; position=&#8220;Schlagzeug, Percussions&#8220; image_url=&#8220;https:\/\/basic-rockt.de\/wp-content\/uploads\/2025\/01\/27.jpg&#8220; _builder_version=&#8220;4.27.0&#8243; _module_preset=&#8220;default&#8220; global_colors_info=&#8220;{}&#8220;][\/et_pb_team_member][\/et_pb_column][et_pb_column type=&#8220;1_5&#8243; _builder_version=&#8220;4.27.0&#8243; _module_preset=&#8220;default&#8220; global_colors_info=&#8220;{}&#8220;][et_pb_team_member name=&#8220;Frank Hopp&#8220; position=&#8220;Bass, Gesang&#8220; image_url=&#8220;https:\/\/basic-rockt.de\/wp-content\/uploads\/2025\/01\/36.jpg&#8220; _builder_version=&#8220;4.27.0&#8243; _module_preset=&#8220;default&#8220; global_colors_info=&#8220;{}&#8220;][\/et_pb_team_member][\/et_pb_column][et_pb_column type=&#8220;1_5&#8243; _builder_version=&#8220;4.27.0&#8243; _module_preset=&#8220;default&#8220; global_colors_info=&#8220;{}&#8220;][et_pb_team_member name=&#8220;R\u00fcdiger Schmiedel&#8220; position=&#8220;Keyboards&#8220; image_url=&#8220;https:\/\/basic-rockt.de\/wp-content\/uploads\/2025\/01\/26.jpg&#8220; _builder_version=&#8220;4.27.0&#8243; _module_preset=&#8220;default&#8220; global_colors_info=&#8220;{}&#8220;][\/et_pb_team_member][\/et_pb_column][et_pb_column type=&#8220;1_5&#8243; _builder_version=&#8220;4.27.0&#8243; _module_preset=&#8220;default&#8220; global_colors_info=&#8220;{}&#8220;][et_pb_team_member name=&#8220;Markus Gangelhoff&#8220; position=&#8220;Gitarre&#8220; image_url=&#8220;https:\/\/basic-rockt.de\/wp-content\/uploads\/2025\/01\/77.jpg&#8220; _builder_version=&#8220;4.27.0&#8243; _module_preset=&#8220;default&#8220; global_colors_info=&#8220;{}&#8220;][\/et_pb_team_member][\/et_pb_column][\/et_pb_row][et_pb_row _builder_version=&#8220;4.27.0&#8243; _module_preset=&#8220;default&#8220; hover_enabled=&#8220;0&#8243; global_colors_info=&#8220;{}&#8220; sticky_enabled=&#8220;0&#8243;][et_pb_column type=&#8220;4_4&#8243; _builder_version=&#8220;4.27.0&#8243; _module_preset=&#8220;default&#8220; global_colors_info=&#8220;{}&#8220;][et_pb_blurb title=&#8220;Band-Geschichte&#8220; image_icon_background_color=&#8220;#000000&#8243; image=&#8220;https:\/\/basic-rockt.de\/wp-content\/uploads\/2018\/12\/cropped-B56EC76F-7322-48ED-9A71-1FDE321C385F-1.jpeg&#8220; image_icon_width=&#8220;100%&#8220; _builder_version=&#8220;4.27.0&#8243; _module_preset=&#8220;default&#8220; hover_enabled=&#8220;0&#8243; global_colors_info=&#8220;{}&#8220; sticky_enabled=&#8220;0&#8243;]<\/p>\n<h1 class=\"entry-title main_title\"><span style=\"font-size: 16px;\">Eine Coverband \u2026ist eine Coverband \u2026ist eine Coverband?<\/span><\/h1>\n<div class=\"entry-content\">\n<p><strong>\u201eDie besten Hits der 70er, 80er und 90er und das Beste von Heute\u201c -so oder so \u00e4hnlich preisen sich viele Coverbands an.<\/strong><\/p>\n<p><strong>BAS!C m\u00f6chte anders sein \u2013 und nicht zum x-ten Mal die Mega-Hits spielen, die jeder bringt. Kein \u201eSmoke on The Water\u201c aber nat\u00fcrlich trotzdem Deep Purple. Kein \u201eBorn to be Wild\u201c \u2013 aber richtig gute Songs aus den letzten Jahrzehnten.<\/strong><\/p>\n<p>Die Wurzeln von BAS!C gehen bis in das Jahr 1985 zur\u00fcck. Gegr\u00fcndet von Frank Hopp und Christian Verforst unter dem Namen \u201eAugusta 48 Blues Band\u201c als Hommage an den Proberaum im Herzen von Homberg, erfolgte nach verschiedensten musikalischen Ausfl\u00fcgen in die Rock- und Blues Szene schlie\u00dflich 1997 die Umbenennung zu \u201cBAS!C\u201c.<\/p>\n<p>Im Laufe der Jahre gab es auch einige Wechsel an den Instrumenten. R\u00fcdiger Schmiedel stie\u00df im Jahre 1996 dazu.<\/p>\n<p>Bj\u00f6rn Hettig (ehemals BagnBaggage und Camelot) \u00fcbernahm ab 2016 die Rolle als Gitarrist und S\u00e4nger der Band.<\/p>\n<p>Vervollst\u00e4ndigt wurde BAS!C im Jahre 2017, als Markus Gangelhoff (ehemals Carthago) sich der Band als Gitarrist anschlo\u00df.<\/p>\n<p>\u2026und wir haben noch viel vor\u2026<\/p>\n<p><strong><em>The best songs in the world are basic\u2026\u00a0<\/em><\/strong><\/p>\n<\/div>\n<p>[\/et_pb_blurb][\/et_pb_column][\/et_pb_row][\/et_pb_section]<\/p>\n","protected":false},"excerpt":{"rendered":"<p>Eine Coverband \u2026ist eine Coverband \u2026ist eine Coverband? \u201eDie besten Hits der 70er, 80er und 90er und das Beste von Heute\u201c -so oder so \u00e4hnlich preisen sich viele Coverbands an. BAS!C m\u00f6chte anders sein \u2013 und nicht zum x-ten Mal die Mega-Hits spielen, die jeder bringt. Kein \u201eSmoke on The Water\u201c aber nat\u00fcrlich trotzdem Deep [&hellip;]<\/p>\n","protected":false},"author":2,"featured_media":0,"parent":0,"menu_order":0,"comment_status":"closed","ping_status":"closed","template":"","meta":{"_et_pb_use_builder":"on","_et_pb_old_content":"<!-- wp:list -->\n<ul><li>Bj\u00f6rn Hettig \/ Guitar, Vocals<\/li><li>Frank Hopp \/ Bass, Vocals<\/li><li>Christian Verforst \/ Drums, Vocals<\/li><li>R\u00fcdiger Schmiedel \/ Keys<\/li><li>Markus Gangelhoff \/ Guitar, Vocals<\/li><\/ul>\n<!-- \/wp:list -->\n\n<!-- wp:image {\"id\":4,\"sizeSlug\":\"large\"} -->\n<figure class=\"wp-block-image size-large\"><img src=\"http:\/\/basic-rockt.de\/wp-content\/uploads\/2018\/11\/4AAA6B09-8806-4681-B167-E03E3D597A89-1024x684.jpeg\" alt=\"\" class=\"wp-image-4\"\/><\/figure>\n<!-- \/wp:image -->","_et_gb_content_width":"","footnotes":""},"class_list":["post-48","page","type-page","status-publish","hentry"],"_links":{"self":[{"href":"https:\/\/basic-rockt.de\/index.php?rest_route=\/wp\/v2\/pages\/48","targetHints":{"allow":["GET"]}}],"collection":[{"href":"https:\/\/basic-rockt.de\/index.php?rest_route=\/wp\/v2\/pages"}],"about":[{"href":"https:\/\/basic-rockt.de\/index.php?rest_route=\/wp\/v2\/types\/page"}],"author":[{"embeddable":true,"href":"https:\/\/basic-rockt.de\/index.php?rest_route=\/wp\/v2\/users\/2"}],"replies":[{"embeddable":true,"href":"https:\/\/basic-rockt.de\/index.php?rest_route=%2Fwp%2Fv2%2Fcomments&post=48"}],"version-history":[{"count":11,"href":"https:\/\/basic-rockt.de\/index.php?rest_route=\/wp\/v2\/pages\/48\/revisions"}],"predecessor-version":[{"id":628,"href":"https:\/\/basic-rockt.de\/index.php?rest_route=\/wp\/v2\/pages\/48\/revisions\/628"}],"wp:attachment":[{"href":"https:\/\/basic-rockt.de\/index.php?rest_route=%2Fwp%2Fv2%2Fmedia&parent=48"}],"curies":[{"name":"wp","href":"https:\/\/api.w.org\/{rel}","templated":true}]}}